{"id":188,"date":"2018-01-15T09:49:28","date_gmt":"2018-01-15T09:49:28","guid":{"rendered":"http:\/\/yakhalden.at\/?page_id=188"},"modified":"2026-02-19T09:04:07","modified_gmt":"2026-02-19T09:04:07","slug":"fuehrungen-fuer-gross-und-klein","status":"publish","type":"page","link":"http:\/\/yakhalden.at\/?page_id=188","title":{"rendered":"F\u00fchrungen"},"content":{"rendered":"<h3 style=\"text-align: center;\"><span style=\"color: #800000;\">F\u00fcr Gro\u00df und Klein<\/span><\/h3>\n<p>Um unseren Kunde:innen und anderen Interessierten regelm\u00e4\u00dfig die M\u00f6glichkeit zu geben, sich bei uns umzusehen, gibt es immer wieder verschiedene Veranstaltungen. \u00dcber unseren Newsletter werdet ihr auf dem Laufenden gehalten!<\/p>\n<p>Hoff\u00fchrungen bieten wir gerne individuell auf Anfrage an. Ob Schulklasse, Kinderg\u00e4rten oder Erwachsene, mit oder ohne Produktverkostung &#8211; wir bem\u00fchen uns, bestm\u00f6glich auf unsere G\u00e4ste einzugehen.&nbsp;<\/p>\n<p>\u00dcber unseren Newsletter werdet ihr auf dem Laufenden gehalten!<\/p>\nngg_shortcode_0_placeholder\n","protected":false},"excerpt":{"rendered":"<p>F\u00fcr Gro\u00df und Klein Um unseren Kunde:innen und anderen Interessierten regelm\u00e4\u00dfig die M\u00f6glichkeit zu geben, sich bei uns umzusehen, gibt es immer wieder verschiedene Veranstaltungen. \u00dcber unseren Newsletter werdet ihr auf dem Laufenden gehalten! Hoff\u00fchrungen bieten wir gerne individuell auf<\/p>\n","protected":false},"author":1,"featured_media":0,"parent":0,"menu_order":5,"comment_status":"closed","ping_status":"closed","template":"","meta":{"_mi_skip_tracking":false,"_exactmetrics_sitenote_active":false,"_exactmetrics_sitenote_note":"","_exactmetrics_sitenote_category":0,"ngg_post_thumbnail":0,"footnotes":""},"class_list":["post-188","page","type-page","status-publish","hentry"],"_links":{"self":[{"href":"http:\/\/yakhalden.at\/index.php?rest_route=\/wp\/v2\/pages\/188","targetHints":{"allow":["GET"]}}],"collection":[{"href":"http:\/\/yakhalden.at\/index.php?rest_route=\/wp\/v2\/pages"}],"about":[{"href":"http:\/\/yakhalden.at\/index.php?rest_route=\/wp\/v2\/types\/page"}],"author":[{"embeddable":true,"href":"http:\/\/yakhalden.at\/index.php?rest_route=\/wp\/v2\/users\/1"}],"replies":[{"embeddable":true,"href":"http:\/\/yakhalden.at\/index.php?rest_route=%2Fwp%2Fv2%2Fcomments&post=188"}],"version-history":[{"count":10,"href":"http:\/\/yakhalden.at\/index.php?rest_route=\/wp\/v2\/pages\/188\/revisions"}],"predecessor-version":[{"id":1670,"href":"http:\/\/yakhalden.at\/index.php?rest_route=\/wp\/v2\/pages\/188\/revisions\/1670"}],"wp:attachment":[{"href":"http:\/\/yakhalden.at\/index.php?rest_route=%2Fwp%2Fv2%2Fmedia&parent=188"}],"curies":[{"name":"wp","href":"https:\/\/api.w.org\/{rel}","templated":true}]}}