{"id":80,"date":"2018-01-12T14:34:45","date_gmt":"2018-01-12T14:34:45","guid":{"rendered":"http:\/\/yakhalden.at\/?page_id=80"},"modified":"2025-07-28T08:06:08","modified_gmt":"2025-07-28T08:06:08","slug":"schweine","status":"publish","type":"page","link":"http:\/\/yakhalden.at\/?page_id=80","title":{"rendered":"Schweine"},"content":{"rendered":"<p>Bei unseren Freilandschweinen, die wir zwischen Mai und Oktober extensiv auf gro\u00dfer Fl\u00e4che aufziehen, achten wir auf robuste Rassen, die gut an die Freilandhaltung angepasst sind. Duroc, Pietrain, Schw\u00e4bisch-H\u00e4llisch, gemischt mit Landschwein &#8211; bunte Mischungen eignen sich besonders gut, da sie auch in st\u00e4ndiger Freilandhaltung nicht anf\u00e4llig sind f\u00fcr Krankheiten und au\u00dferdem eine gute Fleischqualit\u00e4t liefern.<\/p>\n<p>Das ist wichtig, wenn man auf Antibiotika und andere Medikamente bewusst verzichten m\u00f6chte und die Tiere trotzdem bei jeder Witterung ins Freie k\u00f6nnen. Besonders in den ersten Wochen ist ein trockener, eingestreuter Liegeplatz unentbehrlich.<\/p>\n<p>Zus\u00e4tzlich zum herk\u00f6mmlichen Biofutter erhalten unsere Schweine au\u00dferdem t\u00e4glich &#8222;Snacks&#8220; &#8211; zum Beispiel frisches Gras, Heu, Bl\u00e4tter oder \u00e4hnliches, um herumzuw\u00fchlen, zu futtern und sich so die Zeit zu vertreiben. Schweine verbringen n\u00e4mlich, wenn sie die M\u00f6glichkeit dazu haben, einen Gro\u00dfteil des Tages damit, ihre Umgebung zu erkunden und nach Futter zu suchen. Das ist ein gl\u00fcckliches Schweineleben!<\/p>\n<p>&nbsp;<\/p>\nngg_shortcode_0_placeholder\n","protected":false},"excerpt":{"rendered":"<p>Bei unseren Freilandschweinen, die wir zwischen Mai und Oktober extensiv auf gro\u00dfer Fl\u00e4che aufziehen, achten wir auf robuste Rassen, die gut an die Freilandhaltung angepasst sind. Duroc, Pietrain, Schw\u00e4bisch-H\u00e4llisch, gemischt mit Landschwein &#8211; bunte Mischungen eignen sich besonders gut, da<\/p>\n","protected":false},"author":1,"featured_media":0,"parent":16,"menu_order":4,"comment_status":"closed","ping_status":"closed","template":"","meta":{"_mi_skip_tracking":false,"_exactmetrics_sitenote_active":false,"_exactmetrics_sitenote_note":"","_exactmetrics_sitenote_category":0,"ngg_post_thumbnail":0,"footnotes":""},"class_list":["post-80","page","type-page","status-publish","hentry"],"_links":{"self":[{"href":"http:\/\/yakhalden.at\/index.php?rest_route=\/wp\/v2\/pages\/80","targetHints":{"allow":["GET"]}}],"collection":[{"href":"http:\/\/yakhalden.at\/index.php?rest_route=\/wp\/v2\/pages"}],"about":[{"href":"http:\/\/yakhalden.at\/index.php?rest_route=\/wp\/v2\/types\/page"}],"author":[{"embeddable":true,"href":"http:\/\/yakhalden.at\/index.php?rest_route=\/wp\/v2\/users\/1"}],"replies":[{"embeddable":true,"href":"http:\/\/yakhalden.at\/index.php?rest_route=%2Fwp%2Fv2%2Fcomments&post=80"}],"version-history":[{"count":10,"href":"http:\/\/yakhalden.at\/index.php?rest_route=\/wp\/v2\/pages\/80\/revisions"}],"predecessor-version":[{"id":1494,"href":"http:\/\/yakhalden.at\/index.php?rest_route=\/wp\/v2\/pages\/80\/revisions\/1494"}],"up":[{"embeddable":true,"href":"http:\/\/yakhalden.at\/index.php?rest_route=\/wp\/v2\/pages\/16"}],"wp:attachment":[{"href":"http:\/\/yakhalden.at\/index.php?rest_route=%2Fwp%2Fv2%2Fmedia&parent=80"}],"curies":[{"name":"wp","href":"https:\/\/api.w.org\/{rel}","templated":true}]}}