{"id":87,"date":"2018-01-12T15:10:13","date_gmt":"2018-01-12T15:10:13","guid":{"rendered":"http:\/\/yakhalden.at\/?page_id=87"},"modified":"2019-04-02T14:49:04","modified_gmt":"2019-04-02T14:49:04","slug":"obstbau","status":"publish","type":"page","link":"http:\/\/yakhalden.at\/?page_id=87","title":{"rendered":"Obstbau"},"content":{"rendered":"<p>Auf unserer Streuobstwiese haben wir etwa 60 Obstb\u00e4ume. &nbsp;Haupts\u00e4chlich Apfelb\u00e4ume (verschiedene Sorten), aber auch Zwetschgen, Birnen und Kirschen. Auch ein paar gro\u00dfe Walnussb\u00e4ume zieren unseren Garten. Der Eingangsbereich wird von Weinreben geschm\u00fcckt.<\/p>\n<p class=\"bodytext\">Im Herbst gibt es frisches Obst, S\u00fc\u00dfmost, Traubensaft, D\u00f6rrobst und Waln\u00fcsse. Auch Essig stellen wir mittlerweile selbst her.<\/p>\nngg_shortcode_0_placeholder\n","protected":false},"excerpt":{"rendered":"<p>Auf unserer Streuobstwiese haben wir etwa 60 Obstb\u00e4ume. &nbsp;Haupts\u00e4chlich Apfelb\u00e4ume (verschiedene Sorten), aber auch Zwetschgen, Birnen und Kirschen. Auch ein paar gro\u00dfe Walnussb\u00e4ume zieren unseren Garten. Der Eingangsbereich wird von Weinreben geschm\u00fcckt. Im Herbst gibt es frisches Obst, S\u00fc\u00dfmost, Traubensaft,<\/p>\n","protected":false},"author":1,"featured_media":0,"parent":37,"menu_order":2,"comment_status":"closed","ping_status":"closed","template":"","meta":{"_mi_skip_tracking":false,"_exactmetrics_sitenote_active":false,"_exactmetrics_sitenote_note":"","_exactmetrics_sitenote_category":0,"ngg_post_thumbnail":0,"footnotes":""},"class_list":["post-87","page","type-page","status-publish","hentry"],"_links":{"self":[{"href":"http:\/\/yakhalden.at\/index.php?rest_route=\/wp\/v2\/pages\/87","targetHints":{"allow":["GET"]}}],"collection":[{"href":"http:\/\/yakhalden.at\/index.php?rest_route=\/wp\/v2\/pages"}],"about":[{"href":"http:\/\/yakhalden.at\/index.php?rest_route=\/wp\/v2\/types\/page"}],"author":[{"embeddable":true,"href":"http:\/\/yakhalden.at\/index.php?rest_route=\/wp\/v2\/users\/1"}],"replies":[{"embeddable":true,"href":"http:\/\/yakhalden.at\/index.php?rest_route=%2Fwp%2Fv2%2Fcomments&post=87"}],"version-history":[{"count":8,"href":"http:\/\/yakhalden.at\/index.php?rest_route=\/wp\/v2\/pages\/87\/revisions"}],"predecessor-version":[{"id":1209,"href":"http:\/\/yakhalden.at\/index.php?rest_route=\/wp\/v2\/pages\/87\/revisions\/1209"}],"up":[{"embeddable":true,"href":"http:\/\/yakhalden.at\/index.php?rest_route=\/wp\/v2\/pages\/37"}],"wp:attachment":[{"href":"http:\/\/yakhalden.at\/index.php?rest_route=%2Fwp%2Fv2%2Fmedia&parent=87"}],"curies":[{"name":"wp","href":"https:\/\/api.w.org\/{rel}","templated":true}]}}