{"id":91,"date":"2018-01-12T15:11:16","date_gmt":"2018-01-12T15:11:16","guid":{"rendered":"http:\/\/yakhalden.at\/?page_id=91"},"modified":"2026-02-07T08:18:41","modified_gmt":"2026-02-07T08:18:41","slug":"ab-hof-verkauf","status":"publish","type":"page","link":"http:\/\/yakhalden.at\/?page_id=91","title":{"rendered":"Ab-Hof Verkauf"},"content":{"rendered":"<p>Unser Hofladen ist f\u00fcr euch ge\u00f6ffnet: jederzeit nach telefonischer Vereinbarung.&nbsp;<\/p>\n<p>Folgende Produkte bieten wir regelm\u00e4\u00dfig an. Es kann jedoch zu Schwankungen im Angebot kommen.&nbsp;<\/p>\n<p><strong><span style=\"color: #008000; font-family: 'comic sans ms', sans-serif;\"><span style=\"color: #800000;\">Vom Yak<\/span>&nbsp;<\/span><br \/>\n<\/strong><\/p>\n<ul>\n<li>Landj\u00e4ger<\/li>\n<li>Chiliw\u00fcrste<\/li>\n<li>Felle, als Teppich oder Wanddekoration<\/li>\n<li>Schweife<\/li>\n<li>Pr\u00e4parierte Sch\u00e4del und H\u00f6rner<\/li>\n<li>Yakfell H\u00f6lzla<\/li>\n<\/ul>\n<p><span style=\"color: #800000; font-family: 'comic sans ms', sans-serif;\"><strong>Obst, Gem\u00fcse, Kr\u00e4uter<br \/>\n<\/strong><\/span><\/p>\n<ul>\n<li>K\u00fcrbischutney, Marmeladen, Apfelmus, Apfelsaft<\/li>\n<li>Kr\u00e4uter in Form von Kr\u00e4utersalz und Tees<\/li>\n<\/ul>\nngg_shortcode_0_placeholder\n","protected":false},"excerpt":{"rendered":"<p>Unser Hofladen ist f\u00fcr euch ge\u00f6ffnet: jederzeit nach telefonischer Vereinbarung.&nbsp; Folgende Produkte bieten wir regelm\u00e4\u00dfig an. Es kann jedoch zu Schwankungen im Angebot kommen.&nbsp; Vom Yak&nbsp; Landj\u00e4ger Chiliw\u00fcrste Felle, als Teppich oder Wanddekoration Schweife Pr\u00e4parierte Sch\u00e4del und H\u00f6rner Yakfell H\u00f6lzla<\/p>\n","protected":false},"author":1,"featured_media":0,"parent":19,"menu_order":1,"comment_status":"closed","ping_status":"closed","template":"","meta":{"_mi_skip_tracking":false,"_exactmetrics_sitenote_active":false,"_exactmetrics_sitenote_note":"","_exactmetrics_sitenote_category":0,"ngg_post_thumbnail":0,"footnotes":""},"class_list":["post-91","page","type-page","status-publish","hentry"],"_links":{"self":[{"href":"http:\/\/yakhalden.at\/index.php?rest_route=\/wp\/v2\/pages\/91","targetHints":{"allow":["GET"]}}],"collection":[{"href":"http:\/\/yakhalden.at\/index.php?rest_route=\/wp\/v2\/pages"}],"about":[{"href":"http:\/\/yakhalden.at\/index.php?rest_route=\/wp\/v2\/types\/page"}],"author":[{"embeddable":true,"href":"http:\/\/yakhalden.at\/index.php?rest_route=\/wp\/v2\/users\/1"}],"replies":[{"embeddable":true,"href":"http:\/\/yakhalden.at\/index.php?rest_route=%2Fwp%2Fv2%2Fcomments&post=91"}],"version-history":[{"count":39,"href":"http:\/\/yakhalden.at\/index.php?rest_route=\/wp\/v2\/pages\/91\/revisions"}],"predecessor-version":[{"id":1519,"href":"http:\/\/yakhalden.at\/index.php?rest_route=\/wp\/v2\/pages\/91\/revisions\/1519"}],"up":[{"embeddable":true,"href":"http:\/\/yakhalden.at\/index.php?rest_route=\/wp\/v2\/pages\/19"}],"wp:attachment":[{"href":"http:\/\/yakhalden.at\/index.php?rest_route=%2Fwp%2Fv2%2Fmedia&parent=91"}],"curies":[{"name":"wp","href":"https:\/\/api.w.org\/{rel}","templated":true}]}}