{"id":16,"date":"2018-01-05T11:37:34","date_gmt":"2018-01-05T11:37:34","guid":{"rendered":"http:\/\/yakhalden.at\/?page_id=16"},"modified":"2021-02-04T07:25:13","modified_gmt":"2021-02-04T07:25:13","slug":"unser-hof","status":"publish","type":"page","link":"https:\/\/yakhalden.at\/?page_id=16","title":{"rendered":"Tiere"},"content":{"rendered":"<p>Die Vielfalt spielt bei uns am Hof eine zentrale Rolle.<\/p>\n<p>Nicht nur zum Zweck der Selbstversorgung, sondern auch in der Rolle des Hofes als Lern- und Schauraum f\u00fcr Gro\u00df und Klein, ist es uns wichtig, eine gro\u00dfe Anzahl an verschiedenen Tieren zu haben.<\/p>\n<p>Au\u00dferdem achten wir bei der Auswahl der Rassen auf Robustheit und Fitness. Langsamerer Fleischzuwachs ist der Kompromiss, der sich jedoch lohnt in Anbetracht der geringen Tierarztkosten. Unsere Yaks kalben selbstst\u00e4ndig und sind kaum jemals krank, obwohl &#8211; oder vielleicht gerade weil &#8211; sie st\u00e4ndig der Witterung ausgesetzt sind. Die H\u00fchner leben solange sie eben leben. Wenn eine Henne ausgedient hat und keine Eier mehr legt, bleibt sie trotzdem bei uns am Hof, bis sie eines nat\u00fcrlichen Todes stirbt.<\/p>\n<p>Obwohl die Arbeit mit Tieren nicht immer lustig oder gem\u00fctlich ist und sehr viel Verantwortung mit sich bringt, macht es uns doch jeden Tag auf&#8217;s neue Spa\u00df, die Tiere gut zu versorgen.<\/p>\n<p><img loading=\"lazy\" decoding=\"async\" class=\"aligncenter wp-image-170 size-large\" src=\"http:\/\/yakhalden.at\/wp-content\/uploads\/2018\/01\/14AN0207-1024x682.jpg\" alt=\"\" width=\"720\" height=\"480\" srcset=\"https:\/\/yakhalden.at\/wp-content\/uploads\/2018\/01\/14AN0207-1024x682.jpg 1024w, https:\/\/yakhalden.at\/wp-content\/uploads\/2018\/01\/14AN0207-300x200.jpg 300w, https:\/\/yakhalden.at\/wp-content\/uploads\/2018\/01\/14AN0207-768x511.jpg 768w, https:\/\/yakhalden.at\/wp-content\/uploads\/2018\/01\/14AN0207.jpg 1772w\" sizes=\"auto, (max-width: 720px) 100vw, 720px\" \/><\/p>\n","protected":false},"excerpt":{"rendered":"<p>Die Vielfalt spielt bei uns am Hof eine zentrale Rolle. Nicht nur zum Zweck der Selbstversorgung, sondern auch in der Rolle des Hofes als Lern- und Schauraum f\u00fcr Gro\u00df und Klein, ist es uns wichtig, eine gro\u00dfe Anzahl an verschiedenen<\/p>\n","protected":false},"author":1,"featured_media":0,"parent":0,"menu_order":2,"comment_status":"closed","ping_status":"closed","template":"","meta":{"_mi_skip_tracking":false,"_exactmetrics_sitenote_active":false,"_exactmetrics_sitenote_note":"","_exactmetrics_sitenote_category":0,"ngg_post_thumbnail":0,"footnotes":""},"class_list":["post-16","page","type-page","status-publish","hentry"],"_links":{"self":[{"href":"https:\/\/yakhalden.at\/index.php?rest_route=\/wp\/v2\/pages\/16","targetHints":{"allow":["GET"]}}],"collection":[{"href":"https:\/\/yakhalden.at\/index.php?rest_route=\/wp\/v2\/pages"}],"about":[{"href":"https:\/\/yakhalden.at\/index.php?rest_route=\/wp\/v2\/types\/page"}],"author":[{"embeddable":true,"href":"https:\/\/yakhalden.at\/index.php?rest_route=\/wp\/v2\/users\/1"}],"replies":[{"embeddable":true,"href":"https:\/\/yakhalden.at\/index.php?rest_route=%2Fwp%2Fv2%2Fcomments&post=16"}],"version-history":[{"count":16,"href":"https:\/\/yakhalden.at\/index.php?rest_route=\/wp\/v2\/pages\/16\/revisions"}],"predecessor-version":[{"id":1286,"href":"https:\/\/yakhalden.at\/index.php?rest_route=\/wp\/v2\/pages\/16\/revisions\/1286"}],"wp:attachment":[{"href":"https:\/\/yakhalden.at\/index.php?rest_route=%2Fwp%2Fv2%2Fmedia&parent=16"}],"curies":[{"name":"wp","href":"https:\/\/api.w.org\/{rel}","templated":true}]}}