{"id":2,"date":"2017-12-28T12:40:45","date_gmt":"2017-12-28T12:40:45","guid":{"rendered":"http:\/\/yakhalden.at\/?page_id=2"},"modified":"2022-09-29T09:31:16","modified_gmt":"2022-09-29T09:31:16","slug":"sample-page","status":"publish","type":"page","link":"https:\/\/yakhalden.at\/","title":{"rendered":"Willkommen"},"content":{"rendered":"<h3><img loading=\"lazy\" decoding=\"async\" class=\"wp-image-1346  alignright\" src=\"http:\/\/yakhalden.at\/wp-content\/uploads\/2022\/09\/Halden-Logo-Formen_sw.png\" alt=\"\" width=\"203\" height=\"203\" srcset=\"https:\/\/yakhalden.at\/wp-content\/uploads\/2022\/09\/Halden-Logo-Formen_sw.png 591w, https:\/\/yakhalden.at\/wp-content\/uploads\/2022\/09\/Halden-Logo-Formen_sw-300x300.png 300w, https:\/\/yakhalden.at\/wp-content\/uploads\/2022\/09\/Halden-Logo-Formen_sw-150x150.png 150w, https:\/\/yakhalden.at\/wp-content\/uploads\/2022\/09\/Halden-Logo-Formen_sw-230x230.png 230w, https:\/\/yakhalden.at\/wp-content\/uploads\/2022\/09\/Halden-Logo-Formen_sw-365x365.png 365w\" sizes=\"auto, (max-width: 203px) 100vw, 203px\" \/><\/h3>\n<p>In Lochau am sch\u00f6nen Bodensee bewirtschaften wir einen landwirtschaftlichen Bio-Betrieb. Seit 2005 ist der Hof in Familienbesitz, und nach einigen Instandsetzungsarbeiten wird er seit 2010 wieder dauerhaft bewohnt und bewirtschaftet. Seit 2021 sind wir anerkannter BIO AUSTRIA Betrieb.<\/p>\n<p>Auf unserem Hof halten wir Yaks, die wir vor allem zur Fleischproduktion nutzen. Auch Knochen, Innereien, Fell und H\u00f6rner werden &#8211; ganz im Sinne der Gesamtverwertung &#8211; verwendet.<\/p>\n<p>Unser Strau\u00dfenpaar Erwin und Frau Strau\u00df sind immer ein Hingucker. Frau Strau\u00df liefert wundersch\u00f6ne Eier, die wir ab-Hof verkaufen. Eine artgerechte Haltung mit viel Auslauf im Freien liegt uns besonders am Herzen.<\/p>\n<p>Obst (\u00c4pfel, Zwetschgen, Trauben, Birnen) verarbeiten wir zu S\u00e4ften, Marmelade und Musen. Tees und Kr\u00e4utersalz runden die Vielfalt ab. Gem\u00fcse produzieren wir aktuell nur f\u00fcr uns selbst.<\/p>\n<p>Die Produkte &#8211; abgesehen vom Fleisch &#8211; dienen haupts\u00e4chlich der Selbstversorgung. &#8222;\u00dcbersch\u00fcssiges&#8220; verkaufen wir je nach Saison direkt ab-Hof. Informationen zum aktuellen Sortiment erhaltet ihr telefonisch, \u00fcber Facebook oder unseren Newsletter.<\/p>\n<p>Wir organisieren immer wieder kleine Veranstaltungen am Hof. In den letzten Jahren waren das z.B. ein Adventmarkt, ein Sommerfest oder auch ein kleiner Ostermarkt. Auf Anfrage bieten wir gerne Hoff\u00fchrungen und Verkostungen an.<\/p>\n<p>Damit m\u00f6chten wir den Menschen in unserer Umgebung n\u00e4herbringen, was wir machen und warum, zum Nachdenken anregen und vielleicht den\/die Ein\/e oder Andere\/n zu einem regionaleren und saisonaleren Konsum anregen.<\/p>\n<p><img loading=\"lazy\" decoding=\"async\" class=\"aligncenter size-full wp-image-166\" src=\"http:\/\/yakhalden.at\/wp-content\/uploads\/2018\/01\/14AN0131-e1517217823907.jpg\" alt=\"\" width=\"1772\" height=\"633\" srcset=\"https:\/\/yakhalden.at\/wp-content\/uploads\/2018\/01\/14AN0131-e1517217823907.jpg 1772w, https:\/\/yakhalden.at\/wp-content\/uploads\/2018\/01\/14AN0131-e1517217823907-300x107.jpg 300w, https:\/\/yakhalden.at\/wp-content\/uploads\/2018\/01\/14AN0131-e1517217823907-768x274.jpg 768w, https:\/\/yakhalden.at\/wp-content\/uploads\/2018\/01\/14AN0131-e1517217823907-1024x366.jpg 1024w, https:\/\/yakhalden.at\/wp-content\/uploads\/2018\/01\/14AN0131-e1517217823907-1320x472.jpg 1320w\" sizes=\"auto, (max-width: 1772px) 100vw, 1772px\" \/><\/p>\n","protected":false},"excerpt":{"rendered":"<p>In Lochau am sch\u00f6nen Bodensee bewirtschaften wir einen landwirtschaftlichen Bio-Betrieb. Seit 2005 ist der Hof in Familienbesitz, und nach einigen Instandsetzungsarbeiten wird er seit 2010 wieder dauerhaft bewohnt und bewirtschaftet. Seit 2021 sind wir anerkannter BIO AUSTRIA Betrieb. Auf unserem<\/p>\n","protected":false},"author":1,"featured_media":0,"parent":0,"menu_order":1,"comment_status":"closed","ping_status":"open","template":"","meta":{"_mi_skip_tracking":false,"_exactmetrics_sitenote_active":false,"_exactmetrics_sitenote_note":"","_exactmetrics_sitenote_category":0,"ngg_post_thumbnail":0,"footnotes":""},"class_list":["post-2","page","type-page","status-publish","hentry"],"_links":{"self":[{"href":"https:\/\/yakhalden.at\/index.php?rest_route=\/wp\/v2\/pages\/2","targetHints":{"allow":["GET"]}}],"collection":[{"href":"https:\/\/yakhalden.at\/index.php?rest_route=\/wp\/v2\/pages"}],"about":[{"href":"https:\/\/yakhalden.at\/index.php?rest_route=\/wp\/v2\/types\/page"}],"author":[{"embeddable":true,"href":"https:\/\/yakhalden.at\/index.php?rest_route=\/wp\/v2\/users\/1"}],"replies":[{"embeddable":true,"href":"https:\/\/yakhalden.at\/index.php?rest_route=%2Fwp%2Fv2%2Fcomments&post=2"}],"version-history":[{"count":39,"href":"https:\/\/yakhalden.at\/index.php?rest_route=\/wp\/v2\/pages\/2\/revisions"}],"predecessor-version":[{"id":1348,"href":"https:\/\/yakhalden.at\/index.php?rest_route=\/wp\/v2\/pages\/2\/revisions\/1348"}],"wp:attachment":[{"href":"https:\/\/yakhalden.at\/index.php?rest_route=%2Fwp%2Fv2%2Fmedia&parent=2"}],"curies":[{"name":"wp","href":"https:\/\/api.w.org\/{rel}","templated":true}]}}