{"id":82,"date":"2018-01-12T14:35:04","date_gmt":"2018-01-12T14:35:04","guid":{"rendered":"http:\/\/yakhalden.at\/?page_id=82"},"modified":"2026-02-07T08:15:45","modified_gmt":"2026-02-07T08:15:45","slug":"truthaehne","status":"publish","type":"page","link":"https:\/\/yakhalden.at\/?page_id=82","title":{"rendered":"Ziegen"},"content":{"rendered":"<p>Seit ein paar Jahren halten wir eine kleine Ziegenherde bei uns am Hof. Sie unterst\u00fctzt uns tatkr\u00e4ftig beim Mulchen und Unkraut bek\u00e4mpfen &#8211; biologisch und ohne jeglichen Maschineneinsatz \ud83d\ude42<\/p>\nngg_shortcode_0_placeholder\n","protected":false},"excerpt":{"rendered":"<p>Seit ein paar Jahren halten wir eine kleine Ziegenherde bei uns am Hof. Sie unterst\u00fctzt uns tatkr\u00e4ftig beim Mulchen und Unkraut bek\u00e4mpfen &#8211; biologisch und ohne jeglichen Maschineneinsatz \ud83d\ude42<\/p>\n","protected":false},"author":1,"featured_media":0,"parent":16,"menu_order":5,"comment_status":"closed","ping_status":"closed","template":"","meta":{"_mi_skip_tracking":false,"_exactmetrics_sitenote_active":false,"_exactmetrics_sitenote_note":"","_exactmetrics_sitenote_category":0,"ngg_post_thumbnail":0,"footnotes":""},"class_list":["post-82","page","type-page","status-publish","hentry"],"_links":{"self":[{"href":"https:\/\/yakhalden.at\/index.php?rest_route=\/wp\/v2\/pages\/82","targetHints":{"allow":["GET"]}}],"collection":[{"href":"https:\/\/yakhalden.at\/index.php?rest_route=\/wp\/v2\/pages"}],"about":[{"href":"https:\/\/yakhalden.at\/index.php?rest_route=\/wp\/v2\/types\/page"}],"author":[{"embeddable":true,"href":"https:\/\/yakhalden.at\/index.php?rest_route=\/wp\/v2\/users\/1"}],"replies":[{"embeddable":true,"href":"https:\/\/yakhalden.at\/index.php?rest_route=%2Fwp%2Fv2%2Fcomments&post=82"}],"version-history":[{"count":12,"href":"https:\/\/yakhalden.at\/index.php?rest_route=\/wp\/v2\/pages\/82\/revisions"}],"predecessor-version":[{"id":1518,"href":"https:\/\/yakhalden.at\/index.php?rest_route=\/wp\/v2\/pages\/82\/revisions\/1518"}],"up":[{"embeddable":true,"href":"https:\/\/yakhalden.at\/index.php?rest_route=\/wp\/v2\/pages\/16"}],"wp:attachment":[{"href":"https:\/\/yakhalden.at\/index.php?rest_route=%2Fwp%2Fv2%2Fmedia&parent=82"}],"curies":[{"name":"wp","href":"https:\/\/api.w.org\/{rel}","templated":true}]}}